{"id":582,"date":"2024-04-17T15:50:33","date_gmt":"2024-04-17T15:50:33","guid":{"rendered":"http:\/\/albendigitech.com\/?page_id=582"},"modified":"2024-08-07T11:41:38","modified_gmt":"2024-08-07T11:41:38","slug":"service-web-development","status":"publish","type":"page","link":"https:\/\/albendigitech.com\/fr\/service-web-development\/","title":{"rendered":"Conception et d\u00e9veloppement de sites Web"},"content":{"rendered":"<div data-elementor-type=\"wp-page\" data-elementor-id=\"582\" class=\"elementor elementor-582\">\n\t\t\t\t\t\t<section class=\"elementor-section elementor-top-section elementor-element elementor-element-83b49e0 elementor-section-full_width elementor-section-height-min-height elementor-section-stretched elementor-section-items-bottom elementor-section-height-default\" data-id=\"83b49e0\" data-element_type=\"section\" data-e-type=\"section\" data-settings=\"{&quot;background_background&quot;:&quot;classic&quot;,&quot;stretch_section&quot;:&quot;section-stretched&quot;}\">\n\t\t\t\t\t\t\t<div class=\"elementor-background-overlay\"><\/div>\n\t\t\t\t\t\t\t<div class=\"elementor-container elementor-column-gap-default\">\n\t\t\t\t\t<div class=\"aux-parallax-section elementor-column elementor-col-100 elementor-top-column elementor-element elementor-element-be993b6\" data-id=\"be993b6\" data-element_type=\"column\" data-e-type=\"column\">\n\t\t\t<div class=\"elementor-widget-wrap elementor-element-populated\">\n\t\t\t\t\t\t<div class=\"aux-scroll-anim elementor-element elementor-element-ed5ed67 aux-appear-watch-animation aux-scale-down-1 elementor-widget__width-inherit elementor-widget elementor-widget-aux_modern_heading\" data-move-in=\"\" data-move-out=\"scale\" data-axis-x=\"200\" data-axis-y=\"200\" data-rotate=\"90\" data-scale=\"0.8\" data-vp-top=\"0.5\" data-vp-bot=\"0.5\" data-el-top=\"0.2\" data-scroll-animation-off=\"1024\" data-id=\"ed5ed67\" data-element_type=\"widget\" data-e-type=\"widget\" data-widget_type=\"aux_modern_heading.default\">\n\t\t\t\t<div class=\"elementor-widget-container\">\n\t\t\t\t\t<section class=\"aux-widget-modern-heading\">\n            <div class=\"aux-widget-inner\"><h3 class=\"aux-modern-heading-primary\">Web Design & development old<\/h3><\/div>\n        <\/section>\t\t\t\t<\/div>\n\t\t\t\t<\/div>\n\t\t\t\t\t<\/div>\n\t\t<\/div>\n\t\t\t\t\t<\/div>\n\t\t<\/section>\n\t\t\t\t<section class=\"elementor-section elementor-top-section elementor-element elementor-element-8f3bad9 elementor-section-boxed elementor-section-height-default elementor-section-height-default\" data-id=\"8f3bad9\" data-element_type=\"section\" data-e-type=\"section\">\n\t\t\t\t\t\t<div class=\"elementor-container elementor-column-gap-default\">\n\t\t\t\t\t<div class=\"aux-parallax-section elementor-column elementor-col-66 elementor-top-column elementor-element elementor-element-46c0463\" data-id=\"46c0463\" data-element_type=\"column\" data-e-type=\"column\">\n\t\t\t<div class=\"elementor-widget-wrap\">\n\t\t\t\t\t\t\t<\/div>\n\t\t<\/div>\n\t\t\t\t<div class=\"aux-parallax-section elementor-column elementor-col-33 elementor-top-column elementor-element elementor-element-6cc33f89\" data-id=\"6cc33f89\" data-element_type=\"column\" data-e-type=\"column\">\n\t\t\t<div class=\"elementor-widget-wrap\">\n\t\t\t\t\t\t\t<\/div>\n\t\t<\/div>\n\t\t\t\t\t<\/div>\n\t\t<\/section>\n\t\t\t\t<section class=\"elementor-section elementor-top-section elementor-element elementor-element-4b1b720 elementor-section-boxed elementor-section-height-default elementor-section-height-default\" data-id=\"4b1b720\" data-element_type=\"section\" data-e-type=\"section\">\n\t\t\t\t\t\t<div class=\"elementor-container elementor-column-gap-default\">\n\t\t\t\t\t<div class=\"aux-parallax-section elementor-column elementor-col-100 elementor-top-column elementor-element elementor-element-bb3d262\" data-id=\"bb3d262\" data-element_type=\"column\" data-e-type=\"column\">\n\t\t\t<div class=\"elementor-widget-wrap elementor-element-populated\">\n\t\t\t\t\t\t<section class=\"elementor-section elementor-inner-section elementor-element elementor-element-291a4bb elementor-section-full_width elementor-section-height-default elementor-section-height-default\" data-id=\"291a4bb\" data-element_type=\"section\" data-e-type=\"section\">\n\t\t\t\t\t\t<div class=\"elementor-container elementor-column-gap-default\">\n\t\t\t\t\t<div class=\"aux-parallax-section elementor-column elementor-col-50 elementor-inner-column elementor-element elementor-element-6592ede\" data-id=\"6592ede\" data-element_type=\"column\" data-e-type=\"column\">\n\t\t\t<div class=\"elementor-widget-wrap elementor-element-populated\">\n\t\t\t\t\t\t<div class=\"elementor-element elementor-element-f012737 elementor-widget__width-auto elementor-widget-tablet__width-inherit aux-appear-watch-animation aux-fade-in-up elementor-widget elementor-widget-aux_modern_heading\" data-id=\"f012737\" data-element_type=\"widget\" data-e-type=\"widget\" data-widget_type=\"aux_modern_heading.default\">\n\t\t\t\t<div class=\"elementor-widget-container\">\n\t\t\t\t\t<section class=\"aux-widget-modern-heading\">\n            <div class=\"aux-widget-inner\"><h2 class=\"aux-modern-heading-primary\">We Are The Leader In Web Development<\/h2><div class=\"aux-modern-heading-divider\"><\/div><\/div>\n        <\/section>\t\t\t\t<\/div>\n\t\t\t\t<\/div>\n\t\t\t\t\t<\/div>\n\t\t<\/div>\n\t\t\t\t<div class=\"aux-parallax-section elementor-column elementor-col-50 elementor-inner-column elementor-element elementor-element-dee5ba9\" data-id=\"dee5ba9\" data-element_type=\"column\" data-e-type=\"column\">\n\t\t\t<div class=\"elementor-widget-wrap elementor-element-populated\">\n\t\t\t\t\t\t<div class=\"elementor-element elementor-element-61935c9 elementor-widget__width-initial aux-appear-watch-animation aux-fade-in elementor-widget elementor-widget-aux_modern_heading\" data-id=\"61935c9\" data-element_type=\"widget\" data-e-type=\"widget\" data-widget_type=\"aux_modern_heading.default\">\n\t\t\t\t<div class=\"elementor-widget-container\">\n\t\t\t\t\t<section class=\"aux-widget-modern-heading\">\n            <div class=\"aux-widget-inner\"><h2 class=\"aux-modern-heading-primary\"><\/h2><div class=\"aux-modern-heading-description\"><p>Votre site web est votre carte de visite num\u00e9rique, et la premi\u00e8re impression est cruciale. Nous concevons et d\u00e9veloppons avec soin un site web qui est non seulement attrayant visuellement, mais qui garantit \u00e9galement une exp\u00e9rience utilisateur fluide et engageante. D\u00e8s qu'un visiteur arrive sur votre page, notre objectif est de le convertir en client fid\u00e8le gr\u00e2ce \u00e0 une mise en page attrayante, une navigation intuitive et un contenu informatif.\u00a0<\/p><p>Chez Alben Digitech, nous proposons des services de conception web allant de la cr\u00e9ation de logos \u00e0 la conception compl\u00e8te de sites web en phase avec les tendances du march\u00e9. Nos designers cr\u00e9atifs y parviennent gr\u00e2ce \u00e0 leurs analyses approfondies et leurs efforts de recherche.<\/p><p>Let us assist you in\u00a0<a href=\"#\">creating a website<\/a> that truly mirrors your brand and converts visitors into customers.<\/p><\/div><\/div>\n        <\/section>\t\t\t\t<\/div>\n\t\t\t\t<\/div>\n\t\t\t\t\t<\/div>\n\t\t<\/div>\n\t\t\t\t\t<\/div>\n\t\t<\/section>\n\t\t\t\t\t<\/div>\n\t\t<\/div>\n\t\t\t\t\t<\/div>\n\t\t<\/section>\n\t\t\t\t<section class=\"elementor-section elementor-top-section elementor-element elementor-element-052469f elementor-section-stretched elementor-section-boxed elementor-section-height-default elementor-section-height-default\" data-id=\"052469f\" data-element_type=\"section\" data-e-type=\"section\" data-settings=\"{&quot;stretch_section&quot;:&quot;section-stretched&quot;,&quot;background_background&quot;:&quot;gradient&quot;}\">\n\t\t\t\t\t\t<div class=\"elementor-container elementor-column-gap-default\">\n\t\t\t\t\t<div class=\"aux-parallax-section elementor-column elementor-col-100 elementor-top-column elementor-element elementor-element-91c8f83\" data-id=\"91c8f83\" data-element_type=\"column\" data-e-type=\"column\">\n\t\t\t<div class=\"elementor-widget-wrap elementor-element-populated\">\n\t\t\t\t\t\t<section class=\"elementor-section elementor-inner-section elementor-element elementor-element-4b989c5 elementor-section-boxed elementor-section-height-default elementor-section-height-default\" data-id=\"4b989c5\" data-element_type=\"section\" data-e-type=\"section\">\n\t\t\t\t\t\t<div class=\"elementor-container elementor-column-gap-default\">\n\t\t\t\t\t<div class=\"aux-parallax-section elementor-column elementor-col-50 elementor-inner-column elementor-element elementor-element-1a2ec32\" data-id=\"1a2ec32\" data-element_type=\"column\" data-e-type=\"column\">\n\t\t\t<div class=\"elementor-widget-wrap elementor-element-populated\">\n\t\t\t\t\t\t<div class=\"elementor-element elementor-element-efbd797 aux-appear-watch-animation aux-fade-in-right-1 elementor-widget elementor-widget-aux_text\" data-id=\"efbd797\" data-element_type=\"widget\" data-e-type=\"widget\" data-widget_type=\"aux_text.default\">\n\t\t\t\t<div class=\"elementor-widget-container\">\n\t\t\t\t\t<section class=\"widget-container aux-widget-text aux-parent-au937f7fbc\">        <div class=\"aux-widget-advanced-text aux-wrap-style-simple aux-ico-pos-top aux-text-center aux-text-resp- aux-text-color-dark aux-text-widget-bg-center aux-text-no-content\" >\n        \n                            <div class=\"aux-text-widget-header\"  >\n                        <div class=\"aux-ico-box aux-ico-large aux-img-box aux-ico-shape-default aux-ico-clear\">\n                                                                <img fetchpriority=\"high\" decoding=\"async\" width=\"680\" height=\"530\" src=\"https:\/\/albendigitech.com\/wp-content\/uploads\/2024\/04\/1-768x768.png\" class=\"aux-attachment aux-featured-image aux-attachment-id-604\" alt=\"Entreprise de conception de sites Web\" srcset=\"https:\/\/albendigitech.com\/wp-content\/uploads\/2024\/04\/1-150x150.png 150w,https:\/\/albendigitech.com\/wp-content\/uploads\/2024\/04\/1-300x300.png 300w,https:\/\/albendigitech.com\/wp-content\/uploads\/2024\/04\/1-768x768.png 680w\" data-ratio=\"1\" data-original-w=\"680\" \/>                                                    <\/div>\n                <\/div>\n            \n            <div class=\"aux-text-inner aux-text-widget-content\">\n                                <h4 class=\"col-title\">Web Design & Development<\/h4>\n                            <\/div>\n        <\/div>\n                    <div class=\"aux-text-widget-footer\">\n                <div class=\"aux-border-shape-none\">\n                                <\/div>\n            <\/div>\n        \n<\/section><!-- widget-container -->\t\t\t\t<\/div>\n\t\t\t\t<\/div>\n\t\t\t\t\t<\/div>\n\t\t<\/div>\n\t\t\t\t<div class=\"aux-parallax-section elementor-column elementor-col-50 elementor-inner-column elementor-element elementor-element-47787e4\" data-id=\"47787e4\" data-element_type=\"column\" data-e-type=\"column\">\n\t\t\t<div class=\"elementor-widget-wrap elementor-element-populated\">\n\t\t\t\t\t\t<div class=\"elementor-element elementor-element-7619af7 elementor-widget__width-auto aux-appear-watch-animation aux-fade-in elementor-widget elementor-widget-aux_modern_heading\" data-id=\"7619af7\" data-element_type=\"widget\" data-e-type=\"widget\" data-widget_type=\"aux_modern_heading.default\">\n\t\t\t\t<div class=\"elementor-widget-container\">\n\t\t\t\t\t<section class=\"aux-widget-modern-heading\">\n            <div class=\"aux-widget-inner\"><h4 class=\"aux-modern-heading-primary\">Our web design services include \u2013 \u00a0<\/h4><div class=\"aux-modern-heading-divider\"><\/div><div class=\"aux-modern-heading-description\"><ul><li>Website design services<\/li><li>eCommerce website design<\/li><li>Graphic design services<\/li><li>Website redesign<\/li><li>Website templates<\/li><\/ul><h4>Our website design approach<\/h4><p>Our work process is unique and quite transparent. Our expert designers spend their time in analyzing about your industry, target audience, cultures and your requirements. Culture? Yes, even this helps to relate the designs with logic and creativity.\u00a0 Having a thorough study on your background and needs, we check the technical feasibility. We understand Website is the biggest investment in your business. This makes us to design your website not only elegant and creative, but also incorporating all the features of a sales-oriented website.<\/p><p>With a strong knowledge of your requirements, we do the brainstorming to create the ideas that can go with the designs. We represent your services, business, what you offer, why you offer everything within our designs. In short, a visually speaking designs to your audience. Each of this stage will pass by post your approval. This follows throughout the project cycle.<\/p><p>Looking to get your design work started? Request a quote today, or do you still want to clarify,\u00a0<a href=\"https:\/\/www.albendigitech.com\/contactus\/contact\/\" data-wplink-edit=\"true\">Contact\u00a0<\/a>us for your design consultation work today. We are glad to help you.<\/p><\/div><\/div>\n        <\/section>\t\t\t\t<\/div>\n\t\t\t\t<\/div>\n\t\t\t\t\t<\/div>\n\t\t<\/div>\n\t\t\t\t\t<\/div>\n\t\t<\/section>\n\t\t\t\t<div class=\"elementor-element elementor-element-f62bb70 elementor-widget__width-initial elementor-widget elementor-widget-aux_modern_button\" data-id=\"f62bb70\" data-element_type=\"widget\" data-e-type=\"widget\" data-widget_type=\"aux_modern_button.default\">\n\t\t\t\t<div class=\"elementor-widget-container\">\n\t\t\t\t\t    <div class=\"aux-modern-button-wrapper aux-modern-button-align-right\" >\n                    <a class=\"aux-modern-button aux-black aux-modern-button-md aux-modern-button-normal aux-modern-button-default aux-icon-left\" href=\"#\">\n                <div class=\"aux-overlay\"><\/div>\n                                    <div class=\"aux-icon\">\n                        <i aria-hidden=\"true\" class=\"auxicon auxicon-email\"><\/i>                    <\/div>\n                                <div class=\"aux-text\">\n<span class=\"aux-text-before\">Contact US<\/span>                <\/div>\n            <\/a>\n            \n    <\/div>\n\n    \t\t\t\t<\/div>\n\t\t\t\t<\/div>\n\t\t\t\t\t<\/div>\n\t\t<\/div>\n\t\t\t\t\t<\/div>\n\t\t<\/section>\n\t\t\t\t<\/div>","protected":false},"excerpt":{"rendered":"<p>Web Design &#038; development old We Are The Leader In Web Development Your website is your digital business card, and first impressions are crucial. We meticulously design and develop a website that is not only visually appealing but also ensures a smooth and engaging user experience. From the moment a visitor lands on your page, [&hellip;]<\/p>\n","protected":false},"author":1,"featured_media":597,"parent":0,"menu_order":0,"comment_status":"closed","ping_status":"closed","template":"elementor_theme","meta":{"footnotes":""},"class_list":["post-582","page","type-page","status-publish","has-post-thumbnail","hentry"],"yoast_head":"<!-- This site is optimized with the Yoast SEO Premium plugin v26.0 (Yoast SEO v26.9) - https:\/\/yoast.com\/product\/yoast-seo-premium-wordpress\/ -->\n<title>Website Design and Development - Alben Digitech a Web Design, ERP &amp; Digital Marketing Agency in Cotonou, Benin Republic. Services: Web Development<\/title>\n<meta name=\"robots\" content=\"index, follow, max-snippet:-1, max-image-preview:large, max-video-preview:-1\" \/>\n<link rel=\"canonical\" href=\"https:\/\/albendigitech.com\/fr\/service-web-development\/\" \/>\n<meta property=\"og:locale\" content=\"fr_FR\" \/>\n<meta property=\"og:type\" content=\"article\" \/>\n<meta property=\"og:title\" content=\"Website Design and Development\" \/>\n<meta property=\"og:description\" content=\"Web Design &amp; development old We Are The Leader In Web Development Your website is your digital business card, and first impressions are crucial. We meticulously design and develop a website that is not only visually appealing but also ensures a smooth and engaging user experience. From the moment a visitor lands on your page, [&hellip;]\" \/>\n<meta property=\"og:url\" content=\"https:\/\/albendigitech.com\/fr\/service-web-development\/\" \/>\n<meta property=\"og:site_name\" content=\"Alben Digitech a Web Design, ERP &amp; Digital Marketing Agency in Cotonou, Benin Republic.\" \/>\n<meta property=\"article:modified_time\" content=\"2024-08-07T11:41:38+00:00\" \/>\n<meta property=\"og:image\" content=\"https:\/\/albendigitech.com\/wp-content\/uploads\/2024\/04\/1698995535329.jpeg\" \/>\n\t<meta property=\"og:image:width\" content=\"1280\" \/>\n\t<meta property=\"og:image:height\" content=\"720\" \/>\n\t<meta property=\"og:image:type\" content=\"image\/jpeg\" \/>\n<meta name=\"twitter:card\" content=\"summary_large_image\" \/>\n<meta name=\"twitter:label1\" content=\"Dur\u00e9e de lecture estim\u00e9e\" \/>\n\t<meta name=\"twitter:data1\" content=\"2 minutes\" \/>\n<script type=\"application\/ld+json\" class=\"yoast-schema-graph\">{\"@context\":\"https:\/\/schema.org\",\"@graph\":[{\"@type\":\"WebPage\",\"@id\":\"https:\/\/albendigitech.com\/service-web-development\/\",\"url\":\"https:\/\/albendigitech.com\/service-web-development\/\",\"name\":\"Website Design and Development - Alben Digitech a Web Design, ERP &amp; Digital Marketing Agency in Cotonou, Benin Republic. Services: Web Development\",\"isPartOf\":{\"@id\":\"https:\/\/albendigitech.com\/#website\"},\"primaryImageOfPage\":{\"@id\":\"https:\/\/albendigitech.com\/service-web-development\/#primaryimage\"},\"image\":{\"@id\":\"https:\/\/albendigitech.com\/service-web-development\/#primaryimage\"},\"thumbnailUrl\":\"https:\/\/albendigitech.com\/wp-content\/uploads\/2024\/04\/1698995535329.jpeg\",\"datePublished\":\"2024-04-17T15:50:33+00:00\",\"dateModified\":\"2024-08-07T11:41:38+00:00\",\"breadcrumb\":{\"@id\":\"https:\/\/albendigitech.com\/service-web-development\/#breadcrumb\"},\"inLanguage\":\"fr-FR\",\"potentialAction\":[{\"@type\":\"ReadAction\",\"target\":[\"https:\/\/albendigitech.com\/service-web-development\/\"]}]},{\"@type\":\"ImageObject\",\"inLanguage\":\"fr-FR\",\"@id\":\"https:\/\/albendigitech.com\/service-web-development\/#primaryimage\",\"url\":\"https:\/\/albendigitech.com\/wp-content\/uploads\/2024\/04\/1698995535329.jpeg\",\"contentUrl\":\"https:\/\/albendigitech.com\/wp-content\/uploads\/2024\/04\/1698995535329.jpeg\",\"width\":1280,\"height\":720,\"caption\":\"Website Design and Development\"},{\"@type\":\"BreadcrumbList\",\"@id\":\"https:\/\/albendigitech.com\/service-web-development\/#breadcrumb\",\"itemListElement\":[{\"@type\":\"ListItem\",\"position\":1,\"name\":\"Home\",\"item\":\"https:\/\/albendigitech.com\/\"},{\"@type\":\"ListItem\",\"position\":2,\"name\":\"Website Design and Development\"}]},{\"@type\":\"WebSite\",\"@id\":\"https:\/\/albendigitech.com\/#website\",\"url\":\"https:\/\/albendigitech.com\/\",\"name\":\"Alben Digitech; Web Design, ERP & Digital Marketing Agency in Cotonou, Benin Republic.\",\"description\":\"making sense of technology\",\"publisher\":{\"@id\":\"https:\/\/albendigitech.com\/#organization\"},\"potentialAction\":[{\"@type\":\"SearchAction\",\"target\":{\"@type\":\"EntryPoint\",\"urlTemplate\":\"https:\/\/albendigitech.com\/?s={search_term_string}\"},\"query-input\":{\"@type\":\"PropertyValueSpecification\",\"valueRequired\":true,\"valueName\":\"search_term_string\"}}],\"inLanguage\":\"fr-FR\"},{\"@type\":[\"Organization\",\"Place\"],\"@id\":\"https:\/\/albendigitech.com\/#organization\",\"name\":\"Alben Digitech; Web Design, ERP & Digital Marketing Agency in Cotonou, Benin Republic.\",\"alternateName\":\"Alben Digitech\",\"url\":\"https:\/\/albendigitech.com\/\",\"logo\":{\"@id\":\"https:\/\/albendigitech.com\/service-web-development\/#local-main-organization-logo\"},\"image\":{\"@id\":\"https:\/\/albendigitech.com\/service-web-development\/#local-main-organization-logo\"},\"legalName\":\"Alben Digitech\",\"foundingDate\":\"2024-08-01\",\"numberOfEmployees\":{\"@type\":\"QuantitativeValue\",\"minValue\":\"1\",\"maxValue\":\"10\"},\"geo\":{\"@type\":\"GeoCoordinates\",\"latitude\":\"6.3746604900004105\",\"longitude\":\"2.457196469943929\"},\"telephone\":[\"+2290121323779\",\"+2290165655656\"],\"contactPoint\":{\"@type\":\"ContactPoint\",\"email\":\"info@albendigitech.com\"},\"openingHoursSpecification\":[{\"@type\":\"OpeningHoursSpecification\",\"dayOfWeek\":[\"Monday\",\"Tuesday\",\"Wednesday\",\"Thursday\",\"Friday\",\"Saturday\",\"Sunday\"],\"opens\":\"09:00\",\"closes\":\"17:00\"}],\"email\":\"info@albendigitech.com\"},{\"@type\":\"ImageObject\",\"inLanguage\":\"fr-FR\",\"@id\":\"https:\/\/albendigitech.com\/service-web-development\/#local-main-organization-logo\",\"url\":\"https:\/\/albendigitech.com\/wp-content\/uploads\/2020\/01\/Group-22@2x@2x.png\",\"contentUrl\":\"https:\/\/albendigitech.com\/wp-content\/uploads\/2020\/01\/Group-22@2x@2x.png\",\"width\":204,\"height\":64,\"caption\":\"Alben Digitech; Web Design, ERP & Digital Marketing Agency in Cotonou, Benin Republic.\"}]}<\/script>\n<meta name=\"geo.placename\" content=\"Akpakpa\" \/>\n<meta name=\"geo.position\" content=\"6.3746604900004105;2.457196469943929\" \/>\n<meta name=\"geo.region\" content=\"B\u00e9nin\" \/>\n<!-- \/ Yoast SEO Premium plugin. -->","yoast_head_json":{"title":"Website Design and Development - Alben Digitech a Web Design, ERP &amp; Digital Marketing Agency in Cotonou, Benin Republic. Services: Web Development","robots":{"index":"index","follow":"follow","max-snippet":"max-snippet:-1","max-image-preview":"max-image-preview:large","max-video-preview":"max-video-preview:-1"},"canonical":"https:\/\/albendigitech.com\/fr\/service-web-development\/","og_locale":"fr_FR","og_type":"article","og_title":"Website Design and Development","og_description":"Web Design & development old We Are The Leader In Web Development Your website is your digital business card, and first impressions are crucial. We meticulously design and develop a website that is not only visually appealing but also ensures a smooth and engaging user experience. From the moment a visitor lands on your page, [&hellip;]","og_url":"https:\/\/albendigitech.com\/fr\/service-web-development\/","og_site_name":"Alben Digitech a Web Design, ERP &amp; Digital Marketing Agency in Cotonou, Benin Republic.","article_modified_time":"2024-08-07T11:41:38+00:00","og_image":[{"width":1280,"height":720,"url":"https:\/\/albendigitech.com\/wp-content\/uploads\/2024\/04\/1698995535329.jpeg","type":"image\/jpeg"}],"twitter_card":"summary_large_image","twitter_misc":{"Dur\u00e9e de lecture estim\u00e9e":"2 minutes"},"schema":{"@context":"https:\/\/schema.org","@graph":[{"@type":"WebPage","@id":"https:\/\/albendigitech.com\/service-web-development\/","url":"https:\/\/albendigitech.com\/service-web-development\/","name":"Website Design and Development - Alben Digitech a Web Design, ERP &amp; Digital Marketing Agency in Cotonou, Benin Republic. Services: Web Development","isPartOf":{"@id":"https:\/\/albendigitech.com\/#website"},"primaryImageOfPage":{"@id":"https:\/\/albendigitech.com\/service-web-development\/#primaryimage"},"image":{"@id":"https:\/\/albendigitech.com\/service-web-development\/#primaryimage"},"thumbnailUrl":"https:\/\/albendigitech.com\/wp-content\/uploads\/2024\/04\/1698995535329.jpeg","datePublished":"2024-04-17T15:50:33+00:00","dateModified":"2024-08-07T11:41:38+00:00","breadcrumb":{"@id":"https:\/\/albendigitech.com\/service-web-development\/#breadcrumb"},"inLanguage":"fr-FR","potentialAction":[{"@type":"ReadAction","target":["https:\/\/albendigitech.com\/service-web-development\/"]}]},{"@type":"ImageObject","inLanguage":"fr-FR","@id":"https:\/\/albendigitech.com\/service-web-development\/#primaryimage","url":"https:\/\/albendigitech.com\/wp-content\/uploads\/2024\/04\/1698995535329.jpeg","contentUrl":"https:\/\/albendigitech.com\/wp-content\/uploads\/2024\/04\/1698995535329.jpeg","width":1280,"height":720,"caption":"Website Design and Development"},{"@type":"BreadcrumbList","@id":"https:\/\/albendigitech.com\/service-web-development\/#breadcrumb","itemListElement":[{"@type":"ListItem","position":1,"name":"Home","item":"https:\/\/albendigitech.com\/"},{"@type":"ListItem","position":2,"name":"Website Design and Development"}]},{"@type":"WebSite","@id":"https:\/\/albendigitech.com\/#website","url":"https:\/\/albendigitech.com\/","name":"Alben Digitech ; agence de conception web, d'ERP et de marketing num\u00e9rique \u00e0 Cotonou, en R\u00e9publique du B\u00e9nin.","description":"Comprendre la technologie","publisher":{"@id":"https:\/\/albendigitech.com\/#organization"},"potentialAction":[{"@type":"SearchAction","target":{"@type":"EntryPoint","urlTemplate":"https:\/\/albendigitech.com\/?s={search_term_string}"},"query-input":{"@type":"PropertyValueSpecification","valueRequired":true,"valueName":"search_term_string"}}],"inLanguage":"fr-FR"},{"@type":["Organization","Place"],"@id":"https:\/\/albendigitech.com\/#organization","name":"Alben Digitech ; agence de conception web, d'ERP et de marketing num\u00e9rique \u00e0 Cotonou, en R\u00e9publique du B\u00e9nin.","alternateName":"Alben Digitech","url":"https:\/\/albendigitech.com\/","logo":{"@id":"https:\/\/albendigitech.com\/service-web-development\/#local-main-organization-logo"},"image":{"@id":"https:\/\/albendigitech.com\/service-web-development\/#local-main-organization-logo"},"legalName":"Alben Digitech","foundingDate":"2024-08-01","numberOfEmployees":{"@type":"QuantitativeValue","minValue":"1","maxValue":"10"},"geo":{"@type":"GeoCoordinates","latitude":"6.3746604900004105","longitude":"2.457196469943929"},"telephone":["+2290121323779","+2290165655656"],"contactPoint":{"@type":"ContactPoint","email":"info@albendigitech.com"},"openingHoursSpecification":[{"@type":"OpeningHoursSpecification","dayOfWeek":["Monday","Tuesday","Wednesday","Thursday","Friday","Saturday","Sunday"],"opens":"09:00","closes":"17:00"}],"email":"info@albendigitech.com"},{"@type":"ImageObject","inLanguage":"fr-FR","@id":"https:\/\/albendigitech.com\/service-web-development\/#local-main-organization-logo","url":"https:\/\/albendigitech.com\/wp-content\/uploads\/2020\/01\/Group-22@2x@2x.png","contentUrl":"https:\/\/albendigitech.com\/wp-content\/uploads\/2020\/01\/Group-22@2x@2x.png","width":204,"height":64,"caption":"Alben Digitech; Web Design, ERP & Digital Marketing Agency in Cotonou, Benin Republic."}]},"geo.placename":"Akpakpa","geo.position":{"lat":"6.3746604900004105","long":"2.457196469943929"},"geo.region":"B\u00e9nin"},"_links":{"self":[{"href":"https:\/\/albendigitech.com\/fr\/wp-json\/wp\/v2\/pages\/582","targetHints":{"allow":["GET"]}}],"collection":[{"href":"https:\/\/albendigitech.com\/fr\/wp-json\/wp\/v2\/pages"}],"about":[{"href":"https:\/\/albendigitech.com\/fr\/wp-json\/wp\/v2\/types\/page"}],"author":[{"embeddable":true,"href":"https:\/\/albendigitech.com\/fr\/wp-json\/wp\/v2\/users\/1"}],"replies":[{"embeddable":true,"href":"https:\/\/albendigitech.com\/fr\/wp-json\/wp\/v2\/comments?post=582"}],"version-history":[{"count":0,"href":"https:\/\/albendigitech.com\/fr\/wp-json\/wp\/v2\/pages\/582\/revisions"}],"wp:featuredmedia":[{"embeddable":true,"href":"https:\/\/albendigitech.com\/fr\/wp-json\/wp\/v2\/media\/597"}],"wp:attachment":[{"href":"https:\/\/albendigitech.com\/fr\/wp-json\/wp\/v2\/media?parent=582"}],"curies":[{"name":"wp","href":"https:\/\/api.w.org\/{rel}","templated":true}]}}